{"id":24,"date":"2025-11-13T23:47:17","date_gmt":"2025-11-13T23:47:17","guid":{"rendered":"https:\/\/riteilu.com\/index.php\/blog\/"},"modified":"2025-11-14T01:13:10","modified_gmt":"2025-11-14T01:13:10","slug":"blog","status":"publish","type":"page","link":"https:\/\/theretailu.com\/index.php\/blog\/","title":{"rendered":"Blog"},"content":{"rendered":"\t\t<div data-elementor-type=\"wp-page\" data-elementor-id=\"24\" class=\"elementor elementor-24\" data-elementor-post-type=\"page\">\n\t\t\t\t<div class=\"elementor-element elementor-element-4a037bbc e-flex e-con-boxed e-con e-parent\" data-id=\"4a037bbc\" data-element_type=\"container\" data-settings=\"{&quot;background_background&quot;:&quot;classic&quot;}\">\n\t\t\t\t\t<div class=\"e-con-inner\">\n\t\t<div class=\"elementor-element elementor-element-62295dde e-con-full e-flex e-con e-child\" data-id=\"62295dde\" data-element_type=\"container\">\n\t\t\t\t<div class=\"elementor-element elementor-element-1e34cdb7 elementor-widget elementor-widget-heading\" data-id=\"1e34cdb7\" data-element_type=\"widget\" data-widget_type=\"heading.default\">\n\t\t\t\t\t<h2 class=\"elementor-heading-title elementor-size-default\">Bienvenido a nuestro espacio<\/h2>\t\t\t\t<\/div>\n\t\t\t\t<div class=\"elementor-element elementor-element-2c3eaf58 elementor-widget elementor-widget-text-editor\" data-id=\"2c3eaf58\" data-element_type=\"widget\" data-widget_type=\"text-editor.default\">\n\t\t\t\t\t\t\t\t\t<p>En nuestro blog, compartimos conocimientos valiosos en el \u00e1mbito de la capacitaci\u00f3n y certificaci\u00f3n. Estamos comprometidos en proporcionar informaci\u00f3n relevante y \u00fatil que impulse tu desarrollo profesional. Te invitamos a explorar nuestros art\u00edculos y enriquecer tu aprendizaje.<\/p>\t\t\t\t\t\t\t\t<\/div>\n\t\t\t\t<\/div>\n\t\t\t\t\t<\/div>\n\t\t\t\t<\/div>\n\t\t<div class=\"elementor-element elementor-element-5bbb7485 e-flex e-con-boxed e-con e-parent\" data-id=\"5bbb7485\" data-element_type=\"container\">\n\t\t\t\t\t<div class=\"e-con-inner\">\n\t\t<div class=\"elementor-element elementor-element-6a7cc0cc e-con-full e-flex e-con e-child\" data-id=\"6a7cc0cc\" data-element_type=\"container\">\n\t\t\t\t<div class=\"elementor-element elementor-element-28047646 elementor-widget elementor-widget-heading\" data-id=\"28047646\" data-element_type=\"widget\" data-widget_type=\"heading.default\">\n\t\t\t\t\t<h2 class=\"elementor-heading-title elementor-size-default\">Capacitaci\u00f3n que transforma<\/h2>\t\t\t\t<\/div>\n\t\t\t\t<div class=\"elementor-element elementor-element-3bf5bfa6 elementor-widget elementor-widget-heading\" data-id=\"3bf5bfa6\" data-element_type=\"widget\" data-widget_type=\"heading.default\">\n\t\t\t\t\t<h2 class=\"elementor-heading-title elementor-size-default\">\u00daltimas Publicaciones del Blog<\/h2>\t\t\t\t<\/div>\n\t\t\t\t<\/div>\n\t\t\t\t<div class=\"elementor-element elementor-element-721970e9 elementor-grid-2 elementor-grid-tablet-2 elementor-grid-mobile-1 elementor-posts--thumbnail-top elementor-widget elementor-widget-posts\" data-id=\"721970e9\" data-element_type=\"widget\" data-settings=\"{&quot;classic_columns&quot;:&quot;2&quot;,&quot;classic_columns_tablet&quot;:&quot;2&quot;,&quot;classic_columns_mobile&quot;:&quot;1&quot;,&quot;classic_row_gap&quot;:{&quot;unit&quot;:&quot;px&quot;,&quot;size&quot;:35,&quot;sizes&quot;:[]},&quot;classic_row_gap_tablet&quot;:{&quot;unit&quot;:&quot;px&quot;,&quot;size&quot;:&quot;&quot;,&quot;sizes&quot;:[]},&quot;classic_row_gap_mobile&quot;:{&quot;unit&quot;:&quot;px&quot;,&quot;size&quot;:&quot;&quot;,&quot;sizes&quot;:[]}}\" data-widget_type=\"posts.classic\">\n\t\t\t\t<div class=\"elementor-widget-container\">\n\t\t\t\t\t\t\t<div class=\"elementor-posts-container elementor-posts elementor-posts--skin-classic elementor-grid\" role=\"list\">\n\t\t\t\t<article class=\"elementor-post elementor-grid-item post-115 post type-post status-publish format-standard hentry category-sin-categoria\" role=\"listitem\">\n\t\t\t\t<div class=\"elementor-post__text\">\n\t\t\t\t<h3 class=\"elementor-post__title\">\n\t\t\t<a href=\"https:\/\/theretailu.com\/index.php\/2025\/11\/14\/el-mapa-del-exito-las-7-competencias-profesionales-clave-para-triunfar-en-mexico-en-2026\/\" >\n\t\t\t\tEl Mapa del \u00c9xito: Las 7 Competencias Profesionales Clave para Triunfar en M\u00e9xico en 2026\t\t\t<\/a>\n\t\t<\/h3>\n\t\t\t\t<div class=\"elementor-post__meta-data\">\n\t\t\t\t\t<span class=\"elementor-post-date\">\n\t\t\t14 noviembre, 2025\t\t<\/span>\n\t\t\t\t<span class=\"elementor-post-avatar\">\n\t\t\tNo hay comentarios\t\t<\/span>\n\t\t\t\t<\/div>\n\t\t\t\t<div class=\"elementor-post__excerpt\">\n\t\t\t<p>El 2026 ya no es el futuro lejano; est\u00e1 pr\u00e1cticamente a la vuelta de la esquina. El mundo profesional en<\/p>\n\t\t<\/div>\n\t\t\n\t\t<a class=\"elementor-post__read-more\" href=\"https:\/\/theretailu.com\/index.php\/2025\/11\/14\/el-mapa-del-exito-las-7-competencias-profesionales-clave-para-triunfar-en-mexico-en-2026\/\" aria-label=\"Read more about El Mapa del \u00c9xito: Las 7 Competencias Profesionales Clave para Triunfar en M\u00e9xico en 2026\" tabindex=\"-1\" >\n\t\t\tLeer m\u00e1s \u00bb\t\t<\/a>\n\n\t\t\t\t<\/div>\n\t\t\t\t<\/article>\n\t\t\t\t<article class=\"elementor-post elementor-grid-item post-1 post type-post status-publish format-standard hentry category-sin-categoria\" role=\"listitem\">\n\t\t\t\t<div class=\"elementor-post__text\">\n\t\t\t\t<h3 class=\"elementor-post__title\">\n\t\t\t<a href=\"https:\/\/theretailu.com\/index.php\/2025\/05\/13\/hola-mundo\/\" >\n\t\t\t\tEl Check-list del \u00c9xito: Los Est\u00e1ndares de Competencia CONOCER m\u00e1s Demandados en 2025\t\t\t<\/a>\n\t\t<\/h3>\n\t\t\t\t<div class=\"elementor-post__meta-data\">\n\t\t\t\t\t<span class=\"elementor-post-date\">\n\t\t\t13 mayo, 2025\t\t<\/span>\n\t\t\t\t<span class=\"elementor-post-avatar\">\n\t\t\t1 comentario\t\t<\/span>\n\t\t\t\t<\/div>\n\t\t\t\t<div class=\"elementor-post__excerpt\">\n\t\t\t<p>El 2025 ha llegado con una certeza: el mercado laboral no perdona la obsolescencia. La inteligencia artificial est\u00e1 automatizando tareas,<\/p>\n\t\t<\/div>\n\t\t\n\t\t<a class=\"elementor-post__read-more\" href=\"https:\/\/theretailu.com\/index.php\/2025\/05\/13\/hola-mundo\/\" aria-label=\"Read more about El Check-list del \u00c9xito: Los Est\u00e1ndares de Competencia CONOCER m\u00e1s Demandados en 2025\" tabindex=\"-1\" >\n\t\t\tLeer m\u00e1s \u00bb\t\t<\/a>\n\n\t\t\t\t<\/div>\n\t\t\t\t<\/article>\n\t\t\t\t<article class=\"elementor-post elementor-grid-item post-33 post type-post status-publish format-standard hentry category-uncategorized\" role=\"listitem\">\n\t\t\t\t<div class=\"elementor-post__text\">\n\t\t\t\t<h3 class=\"elementor-post__title\">\n\t\t\t<a href=\"https:\/\/theretailu.com\/index.php\/2024\/07\/13\/microsoft-office-specialist\/\" >\n\t\t\t\t\u00bfTu CV dice &#8220;Experto en Office&#8221;? Demu\u00e9stralo: Qu\u00e9 es la certificaci\u00f3n MOS y por qu\u00e9 la necesitas\t\t\t<\/a>\n\t\t<\/h3>\n\t\t\t\t<div class=\"elementor-post__meta-data\">\n\t\t\t\t\t<span class=\"elementor-post-date\">\n\t\t\t13 julio, 2024\t\t<\/span>\n\t\t\t\t<span class=\"elementor-post-avatar\">\n\t\t\tNo hay comentarios\t\t<\/span>\n\t\t\t\t<\/div>\n\t\t\t\t<div class=\"elementor-post__excerpt\">\n\t\t\t<p>Vivimos en un mundo donde casi cualquier trabajo de oficina requiere usar Microsoft Office. Todos ponemos &#8220;manejo de Word, Excel<\/p>\n\t\t<\/div>\n\t\t\n\t\t<a class=\"elementor-post__read-more\" href=\"https:\/\/theretailu.com\/index.php\/2024\/07\/13\/microsoft-office-specialist\/\" aria-label=\"Read more about \u00bfTu CV dice &#8220;Experto en Office&#8221;? Demu\u00e9stralo: Qu\u00e9 es la certificaci\u00f3n MOS y por qu\u00e9 la necesitas\" tabindex=\"-1\" >\n\t\t\tLeer m\u00e1s \u00bb\t\t<\/a>\n\n\t\t\t\t<\/div>\n\t\t\t\t<\/article>\n\t\t\t\t<article class=\"elementor-post elementor-grid-item post-34 post type-post status-publish format-standard hentry category-uncategorized\" role=\"listitem\">\n\t\t\t\t<div class=\"elementor-post__text\">\n\t\t\t\t<h3 class=\"elementor-post__title\">\n\t\t\t<a href=\"https:\/\/theretailu.com\/index.php\/2022\/11\/13\/que-es-conocer\/\" >\n\t\t\t\tCONOCER: El Sello Oficial que Valida tu Talento en M\u00e9xico\t\t\t<\/a>\n\t\t<\/h3>\n\t\t\t\t<div class=\"elementor-post__meta-data\">\n\t\t\t\t\t<span class=\"elementor-post-date\">\n\t\t\t13 noviembre, 2022\t\t<\/span>\n\t\t\t\t<span class=\"elementor-post-avatar\">\n\t\t\tNo hay comentarios\t\t<\/span>\n\t\t\t\t<\/div>\n\t\t\t\t<div class=\"elementor-post__excerpt\">\n\t\t\t<p>CONOCER: El Sello Oficial que Valida tu Talento en M\u00e9xico \u00a0 Categor\u00eda: Desarrollo Profesional, Mercado Laboral, Educaci\u00f3n En un mercado<\/p>\n\t\t<\/div>\n\t\t\n\t\t<a class=\"elementor-post__read-more\" href=\"https:\/\/theretailu.com\/index.php\/2022\/11\/13\/que-es-conocer\/\" aria-label=\"Read more about CONOCER: El Sello Oficial que Valida tu Talento en M\u00e9xico\" tabindex=\"-1\" >\n\t\t\tLeer m\u00e1s \u00bb\t\t<\/a>\n\n\t\t\t\t<\/div>\n\t\t\t\t<\/article>\n\t\t\t\t<article class=\"elementor-post elementor-grid-item post-35 post type-post status-publish format-standard hentry category-uncategorized\" role=\"listitem\">\n\t\t\t\t<div class=\"elementor-post__text\">\n\t\t\t\t<h3 class=\"elementor-post__title\">\n\t\t\t<a href=\"https:\/\/theretailu.com\/index.php\/2018\/11\/13\/beneficios-de-la-capacitacion\/\" >\n\t\t\t\tBeneficios de la capacitaci\u00f3n\t\t\t<\/a>\n\t\t<\/h3>\n\t\t\t\t<div class=\"elementor-post__meta-data\">\n\t\t\t\t\t<span class=\"elementor-post-date\">\n\t\t\t13 noviembre, 2018\t\t<\/span>\n\t\t\t\t<span class=\"elementor-post-avatar\">\n\t\t\tNo hay comentarios\t\t<\/span>\n\t\t\t\t<\/div>\n\t\t\t\t<div class=\"elementor-post__excerpt\">\n\t\t\t<p>Beneficios de la Capacitaci\u00f3n La capacitaci\u00f3n continua es clave para crecer profesionalmente. Te habilita con las herramientas necesarias para avanzar<\/p>\n\t\t<\/div>\n\t\t\n\t\t<a class=\"elementor-post__read-more\" href=\"https:\/\/theretailu.com\/index.php\/2018\/11\/13\/beneficios-de-la-capacitacion\/\" aria-label=\"Read more about Beneficios de la capacitaci\u00f3n\" tabindex=\"-1\" >\n\t\t\tLeer m\u00e1s \u00bb\t\t<\/a>\n\n\t\t\t\t<\/div>\n\t\t\t\t<\/article>\n\t\t\t\t<\/div>\n\t\t\n\t\t\t\t\t\t<\/div>\n\t\t\t\t<\/div>\n\t\t\t\t\t<\/div>\n\t\t\t\t<\/div>\n\t\t<div class=\"elementor-element elementor-element-139319c0 e-flex e-con-boxed e-con e-parent\" data-id=\"139319c0\" data-element_type=\"container\" data-settings=\"{&quot;background_background&quot;:&quot;classic&quot;}\">\n\t\t\t\t\t<div class=\"e-con-inner\">\n\t\t<div class=\"elementor-element elementor-element-55152c24 e-con-full e-flex e-con e-child\" data-id=\"55152c24\" data-element_type=\"container\">\n\t\t\t\t<div class=\"elementor-element elementor-element-152219be elementor-widget elementor-widget-heading\" data-id=\"152219be\" data-element_type=\"widget\" data-widget_type=\"heading.default\">\n\t\t\t\t\t<h2 class=\"elementor-heading-title elementor-size-default\">Suscr\u00edbete a nuestras actualizaciones<\/h2>\t\t\t\t<\/div>\n\t\t\t\t<div class=\"elementor-element elementor-element-3af4b434 elementor-widget elementor-widget-text-editor\" data-id=\"3af4b434\" data-element_type=\"widget\" data-widget_type=\"text-editor.default\">\n\t\t\t\t\t\t\t\t\t<p>Recibe contenido exclusivo y mantente al tanto de nuestras novedades.<\/p>\t\t\t\t\t\t\t\t<\/div>\n\t\t\t\t<\/div>\n\t\t<div class=\"elementor-element elementor-element-6a0e53c9 e-con-full e-flex e-con e-child\" data-id=\"6a0e53c9\" data-element_type=\"container\">\n\t\t\t\t<div class=\"elementor-element elementor-element-2e9e3937 elementor-mobile-button-align-stretch elementor-button-align-stretch elementor-widget elementor-widget-form\" data-id=\"2e9e3937\" data-element_type=\"widget\" data-settings=\"{&quot;button_width&quot;:&quot;30&quot;,&quot;step_next_label&quot;:&quot;Siguiente&quot;,&quot;step_previous_label&quot;:&quot;Anterior&quot;,&quot;button_width_tablet&quot;:&quot;25&quot;,&quot;button_width_mobile&quot;:&quot;100&quot;,&quot;step_type&quot;:&quot;number_text&quot;,&quot;step_icon_shape&quot;:&quot;circle&quot;}\" data-widget_type=\"form.default\">\n\t\t\t\t\t\t\t<form class=\"elementor-form\" method=\"post\" name=\"Formulario de Suscripci\u00f3n\" aria-label=\"Formulario de Suscripci\u00f3n\">\n\t\t\t<input type=\"hidden\" name=\"post_id\" value=\"24\"\/>\n\t\t\t<input type=\"hidden\" name=\"form_id\" value=\"2e9e3937\"\/>\n\t\t\t<input type=\"hidden\" name=\"referer_title\" value=\"Blog\" \/>\n\n\t\t\t\t\t\t\t<input type=\"hidden\" name=\"queried_id\" value=\"24\"\/>\n\t\t\t\n\t\t\t<div class=\"elementor-form-fields-wrapper elementor-labels-above\">\n\t\t\t\t\t\t\t\t<div class=\"elementor-field-type-correo electr\u00f3nico elementor-field-group elementor-column elementor-field-group-nombre elementor-col-70 elementor-md-60\">\n\t\t\t\t\t\t\t\t\t<\/div>\n\t\t\t\t\t\t\t\t<div class=\"elementor-field-group elementor-column elementor-field-type-submit elementor-col-30 e-form__buttons elementor-md-25 elementor-sm-100\">\n\t\t\t\t\t<button class=\"elementor-button elementor-size-sm\" type=\"submit\">\n\t\t\t\t\t\t<span class=\"elementor-button-content-wrapper\">\n\t\t\t\t\t\t\t\t\t\t\t\t\t\t\t\t\t\t\t\t\t\t<span class=\"elementor-button-text\">Suscribirse<\/span>\n\t\t\t\t\t\t\t\t\t\t\t\t\t<\/span>\n\t\t\t\t\t<\/button>\n\t\t\t\t<\/div>\n\t\t\t<\/div>\n\t\t<\/form>\n\t\t\t\t\t\t<\/div>\n\t\t\t\t<div class=\"elementor-element elementor-element-367b9ffc elementor-widget elementor-widget-text-editor\" data-id=\"367b9ffc\" data-element_type=\"widget\" data-widget_type=\"text-editor.default\">\n\t\t\t\t\t\t\t\t\t<p>Al hacer clic en Suscribirse, confirmas que aceptas nuestros T\u00e9rminos y Condiciones.<\/p>\t\t\t\t\t\t\t\t<\/div>\n\t\t\t\t<\/div>\n\t\t\t\t\t<\/div>\n\t\t\t\t<\/div>\n\t\t\t\t<\/div>\n\t\t","protected":false},"excerpt":{"rendered":"<p>Bienvenido a nuestro espacio En nuestro blog, compartimos conocimientos valiosos en el \u00e1mbito de la capacitaci\u00f3n y certificaci\u00f3n. Estamos comprometidos en proporcionar informaci\u00f3n relevante y \u00fatil que impulse tu desarrollo profesional. Te invitamos a explorar nuestros art\u00edculos y enriquecer tu aprendizaje. Capacitaci\u00f3n que transforma \u00daltimas Publicaciones del Blog Suscr\u00edbete a nuestras actualizaciones Recibe contenido exclusivo [&hellip;]<\/p>\n","protected":false},"author":1,"featured_media":0,"parent":0,"menu_order":0,"comment_status":"closed","ping_status":"closed","template":"","meta":{"_eb_attr":"","footnotes":""},"class_list":["post-24","page","type-page","status-publish","hentry"],"_links":{"self":[{"href":"https:\/\/theretailu.com\/index.php\/wp-json\/wp\/v2\/pages\/24","targetHints":{"allow":["GET"]}}],"collection":[{"href":"https:\/\/theretailu.com\/index.php\/wp-json\/wp\/v2\/pages"}],"about":[{"href":"https:\/\/theretailu.com\/index.php\/wp-json\/wp\/v2\/types\/page"}],"author":[{"embeddable":true,"href":"https:\/\/theretailu.com\/index.php\/wp-json\/wp\/v2\/users\/1"}],"replies":[{"embeddable":true,"href":"https:\/\/theretailu.com\/index.php\/wp-json\/wp\/v2\/comments?post=24"}],"version-history":[{"count":7,"href":"https:\/\/theretailu.com\/index.php\/wp-json\/wp\/v2\/pages\/24\/revisions"}],"predecessor-version":[{"id":120,"href":"https:\/\/theretailu.com\/index.php\/wp-json\/wp\/v2\/pages\/24\/revisions\/120"}],"wp:attachment":[{"href":"https:\/\/theretailu.com\/index.php\/wp-json\/wp\/v2\/media?parent=24"}],"curies":[{"name":"wp","href":"https:\/\/api.w.org\/{rel}","templated":true}]}}